{"id":54,"date":"2025-11-27T20:34:32","date_gmt":"2025-11-27T20:34:32","guid":{"rendered":"https:\/\/nova-helvecia.com\/?page_id=54"},"modified":"2026-02-18T01:04:50","modified_gmt":"2026-02-18T01:04:50","slug":"home","status":"publish","type":"page","link":"https:\/\/nova-helvecia.com\/de\/","title":{"rendered":"Home"},"content":{"rendered":"<div data-elementor-type=\"wp-page\" data-elementor-id=\"54\" class=\"elementor elementor-54\" data-elementor-post-type=\"page\">\n\t\t\t\t<div class=\"elementor-element elementor-element-4fef84c e-con-full e-flex e-con e-parent\" data-id=\"4fef84c\" data-element_type=\"container\" data-settings=\"{&quot;background_background&quot;:&quot;classic&quot;}\">\n\t\t<div class=\"elementor-element elementor-element-4433290 e-con-full e-flex e-con e-child\" data-id=\"4433290\" data-element_type=\"container\">\n\t\t\t\t<\/div>\n\t\t<div class=\"elementor-element elementor-element-dc34b3a e-con-full e-flex e-con e-child\" data-id=\"dc34b3a\" data-element_type=\"container\">\n\t\t<div class=\"elementor-element elementor-element-f2c0b67 e-con-full e-flex e-con e-child\" data-id=\"f2c0b67\" data-element_type=\"container\">\n\t\t\t\t<div class=\"elementor-element elementor-element-c440ead elementor-widget__width-inherit elementor-widget elementor-widget-image\" data-id=\"c440ead\" data-element_type=\"widget\" data-widget_type=\"image.default\">\n\t\t\t\t\t\t\t\t\t\t\t\t\t\t\t<img fetchpriority=\"high\" decoding=\"async\" width=\"495\" height=\"374\" src=\"https:\/\/nova-helvecia.com\/wp-content\/uploads\/2025\/11\/cropped-Logo-01-12-23.png\" class=\"attachment-large size-large wp-image-50\" alt=\"\" srcset=\"https:\/\/nova-helvecia.com\/wp-content\/uploads\/2025\/11\/cropped-Logo-01-12-23.png 495w, https:\/\/nova-helvecia.com\/wp-content\/uploads\/2025\/11\/cropped-Logo-01-12-23-300x227.png 300w\" sizes=\"(max-width: 495px) 100vw, 495px\" \/>\t\t\t\t\t\t\t\t\t\t\t\t\t\t\t<\/div>\n\t\t\t\t<div class=\"elementor-element elementor-element-5c38099 elementor-widget elementor-widget-heading\" data-id=\"5c38099\" data-element_type=\"widget\" data-widget_type=\"heading.default\">\n\t\t\t\t\t<h2 class=\"elementor-heading-title elementor-size-default\">LEBEN IM PARADIES<\/h2>\t\t\t\t<\/div>\n\t\t\t\t<div class=\"elementor-element elementor-element-6435083 elementor-widget elementor-widget-heading\" data-id=\"6435083\" data-element_type=\"widget\" data-widget_type=\"heading.default\">\n\t\t\t\t\t<h2 class=\"elementor-heading-title elementor-size-default\">Ein neues Reiseziel im Herzen Brasiliens entsteht<\/h2>\t\t\t\t<\/div>\n\t\t\t\t<\/div>\n\t\t<div class=\"elementor-element elementor-element-34ab262 e-con-full e-flex e-con e-child\" data-id=\"34ab262\" data-element_type=\"container\">\n\t\t\t\t<div class=\"elementor-element elementor-element-eb19303 elementor-align-center elementor-widget elementor-widget-button\" data-id=\"eb19303\" data-element_type=\"widget\" data-widget_type=\"button.default\">\n\t\t\t\t\t\t\t\t\t\t<a class=\"elementor-button elementor-button-link elementor-size-sm\" href=\"#footer\">\n\t\t\t\t\t\t<span class=\"elementor-button-content-wrapper\">\n\t\t\t\t\t\t\t\t\t<span class=\"elementor-button-text\">Melden Sie sich an, um Updates zu erhalten<\/span>\n\t\t\t\t\t<\/span>\n\t\t\t\t\t<\/a>\n\t\t\t\t\t\t\t\t<\/div>\n\t\t\t\t<\/div>\n\t\t\t\t<\/div>\n\t\t<div class=\"elementor-element elementor-element-3bc93b4 e-con-full e-flex e-con e-child\" data-id=\"3bc93b4\" data-element_type=\"container\">\n\t\t\t\t<\/div>\n\t\t\t\t<\/div>\n\t\t<div class=\"elementor-element elementor-element-25009e4 e-flex e-con-boxed e-con e-parent\" data-id=\"25009e4\" data-element_type=\"container\">\n\t\t\t\t\t<div class=\"e-con-inner\">\n\t\t\t\t<div class=\"elementor-element elementor-element-3a34198 elementor-widget elementor-widget-heading\" data-id=\"3a34198\" data-element_type=\"widget\" data-widget_type=\"heading.default\">\n\t\t\t\t\t<h2 class=\"elementor-heading-title elementor-size-default\">Willkommen im gr\u00fcnen Herzen Bahias<\/h2>\t\t\t\t<\/div>\n\t\t\t\t<div class=\"elementor-element elementor-element-2fa005f elementor-widget elementor-widget-heading\" data-id=\"2fa005f\" data-element_type=\"widget\" data-widget_type=\"heading.default\">\n\t\t\t\t\t<h2 class=\"elementor-heading-title elementor-size-default\">\u00fcber new helvetia<\/h2>\t\t\t\t<\/div>\n\t\t\t\t<div class=\"elementor-element elementor-element-fa60404 elementor-widget__width-initial elementor-widget-tablet__width-initial elementor-widget elementor-widget-text-editor\" data-id=\"fa60404\" data-element_type=\"widget\" data-widget_type=\"text-editor.default\">\n\t\t\t\t\t\t\t\t\t<p>Nova Helv\u00e9cia ist ein exklusives Projekt in Itamb\u00e9, Bahia, das als Luxusvilla konzipiert ist. Ihr Ziel ist es, anspruchsvolles Wohnen, differenzierte Unterk\u00fcnfte und hochwertige R\u00e4ume f\u00fcr Firmenveranstaltungen anzubieten. Das Projekt verbindet das Konzept des Wohlbefindens und der Eleganz mit der Innovation von Awson Swiss-Bikes. Auf diese Weise hat es sich als Ma\u00dfstab f\u00fcr Gastfreundschaft und Premium-Lifestyle in Brasilien etabliert.<\/p><p>Nova Helv\u00e9cia ist auch ein privilegierter nat\u00fcrlicher Zufluchtsort, wo der Kontakt mit der bahianischen Landschaft zu Bewegung, Vitalit\u00e4t und Ausgeglichenheit inspiriert. Die verschlungenen Pfade, die erhaltenen Gr\u00fcnfl\u00e4chen und die f\u00fcr den Sport konzipierten Bereiche machen die Anlage zum idealen Ort f\u00fcr Radfahren, Wandern, Wasseraktivit\u00e4ten, Yoga und eindringliche Outdoor-Erlebnisse. Jedes Detail unterstreicht die Harmonie zwischen Wohlbefinden, Natur und aktivem Lebensstil und hebt das Reiseziel auf ein einzigartiges Niveau im ganzen Land. <strong>Das noch unbekannte Juwel f\u00fcr viele Outdoor-Sportarten.<\/strong><\/p>\t\t\t\t\t\t\t\t<\/div>\n\t\t\t\t\t<\/div>\n\t\t\t\t<\/div>\n\t\t<div class=\"elementor-element elementor-element-9bad169 e-con-full e-flex e-con e-parent\" data-id=\"9bad169\" data-element_type=\"container\">\n\t\t<div class=\"elementor-element elementor-element-3d6dcc9 e-con-full e-flex e-con e-child\" data-id=\"3d6dcc9\" data-element_type=\"container\">\n\t\t<div class=\"elementor-element elementor-element-1a49cd5 e-con-full e-flex e-con e-child\" data-id=\"1a49cd5\" data-element_type=\"container\" id=\"historia\" data-settings=\"{&quot;background_background&quot;:&quot;classic&quot;}\">\n\t\t\t\t<div class=\"elementor-element elementor-element-baea64a elementor-widget elementor-widget-heading\" data-id=\"baea64a\" data-element_type=\"widget\" data-widget_type=\"heading.default\">\n\t\t\t\t\t<h2 class=\"elementor-heading-title elementor-size-default\">unser <b>Geschichte<\/b><\/h2>\t\t\t\t<\/div>\n\t\t\t\t<\/div>\n\t\t<div class=\"elementor-element elementor-element-960340f e-con-full e-flex e-con e-child\" data-id=\"960340f\" data-element_type=\"container\" id=\"midia\" data-settings=\"{&quot;background_background&quot;:&quot;classic&quot;}\">\n\t\t\t\t<div class=\"elementor-element elementor-element-aed2409 elementor-widget elementor-widget-heading\" data-id=\"aed2409\" data-element_type=\"widget\" data-widget_type=\"heading.default\">\n\t\t\t\t\t<h2 class=\"elementor-heading-title elementor-size-default\">Neu-Helvetien <b>in den Medien<\/b><\/h2>\t\t\t\t<\/div>\n\t\t\t\t<\/div>\n\t\t<div class=\"elementor-element elementor-element-e9b214f e-con-full e-flex e-con e-child\" data-id=\"e9b214f\" data-element_type=\"container\" id=\"itambe\" data-settings=\"{&quot;background_background&quot;:&quot;classic&quot;}\">\n\t\t\t\t<div class=\"elementor-element elementor-element-2c7547e elementor-widget elementor-widget-heading\" data-id=\"2c7547e\" data-element_type=\"widget\" data-widget_type=\"heading.default\">\n\t\t\t\t\t<h2 class=\"elementor-heading-title elementor-size-default\">itamb\u00e9 \u2013 <b>Bahia<\/b><\/h2>\t\t\t\t<\/div>\n\t\t\t\t<\/div>\n\t\t<div class=\"elementor-element elementor-element-416c889 e-con-full e-flex e-con e-child\" data-id=\"416c889\" data-element_type=\"container\" id=\"hotel\" data-settings=\"{&quot;background_background&quot;:&quot;classic&quot;}\">\n\t\t\t\t<div class=\"elementor-element elementor-element-1634f83 elementor-widget elementor-widget-heading\" data-id=\"1634f83\" data-element_type=\"widget\" data-widget_type=\"heading.default\">\n\t\t\t\t\t<h2 class=\"elementor-heading-title elementor-size-default\"><b>Hotel<\/b><\/h2>\t\t\t\t<\/div>\n\t\t\t\t<\/div>\n\t\t\t\t<\/div>\n\t\t<div class=\"elementor-element elementor-element-3c41473 e-con-full e-flex e-con e-child\" data-id=\"3c41473\" data-element_type=\"container\" id=\"obra\" data-settings=\"{&quot;background_background&quot;:&quot;classic&quot;}\">\n\t\t\t\t<div class=\"elementor-element elementor-element-f14da3e elementor-widget elementor-widget-heading\" data-id=\"f14da3e\" data-element_type=\"widget\" data-widget_type=\"heading.default\">\n\t\t\t\t\t<h2 class=\"elementor-heading-title elementor-size-default\">Fortschritt <b>des Werkes<\/b><\/h2>\t\t\t\t<\/div>\n\t\t\t\t<\/div>\n\t\t<div class=\"elementor-element elementor-element-acd4415 e-con-full e-flex e-con e-child\" data-id=\"acd4415\" data-element_type=\"container\">\n\t\t<div class=\"elementor-element elementor-element-762f2cf e-con-full e-flex e-con e-child\" data-id=\"762f2cf\" data-element_type=\"container\" id=\"projeto\" data-settings=\"{&quot;background_background&quot;:&quot;classic&quot;}\">\n\t\t\t\t<div class=\"elementor-element elementor-element-dbfb91a elementor-widget elementor-widget-heading\" data-id=\"dbfb91a\" data-element_type=\"widget\" data-widget_type=\"heading.default\">\n\t\t\t\t\t<h2 class=\"elementor-heading-title elementor-size-default\">Lernen Sie das kennen <b>Projekt<\/b><\/h2>\t\t\t\t<\/div>\n\t\t\t\t<\/div>\n\t\t<div class=\"elementor-element elementor-element-a9c93cc e-con-full e-flex e-con e-child\" data-id=\"a9c93cc\" data-element_type=\"container\" id=\"sports\" data-settings=\"{&quot;background_background&quot;:&quot;classic&quot;}\">\n\t\t\t\t<div class=\"elementor-element elementor-element-9884a2f elementor-widget elementor-widget-heading\" data-id=\"9884a2f\" data-element_type=\"widget\" data-widget_type=\"heading.default\">\n\t\t\t\t\t<h2 class=\"elementor-heading-title elementor-size-default\">Sport &amp; <b>im Freien<\/b><\/h2>\t\t\t\t<\/div>\n\t\t\t\t<\/div>\n\t\t<div class=\"elementor-element elementor-element-abcefc6 e-con-full e-flex e-con e-child\" data-id=\"abcefc6\" data-element_type=\"container\" id=\"localizacao\" data-settings=\"{&quot;background_background&quot;:&quot;classic&quot;}\">\n\t\t\t\t<div class=\"elementor-element elementor-element-3576987 elementor-widget elementor-widget-heading\" data-id=\"3576987\" data-element_type=\"widget\" data-widget_type=\"heading.default\">\n\t\t\t\t\t<h2 class=\"elementor-heading-title elementor-size-default\"> <b>Standort<\/b><\/h2>\t\t\t\t<\/div>\n\t\t\t\t<\/div>\n\t\t<div class=\"elementor-element elementor-element-b73099d e-con-full e-flex e-con e-child\" data-id=\"b73099d\" data-element_type=\"container\" data-settings=\"{&quot;background_background&quot;:&quot;classic&quot;}\">\n\t\t\t\t<div class=\"elementor-element elementor-element-6635d27 elementor-widget elementor-widget-heading\" data-id=\"6635d27\" data-element_type=\"widget\" data-widget_type=\"heading.default\">\n\t\t\t\t\t<h2 class=\"elementor-heading-title elementor-size-default\"> Das ist es wert<b>wissen<\/b><\/h2>\t\t\t\t<\/div>\n\t\t\t\t<div class=\"elementor-element elementor-element-3382962 elementor-widget__width-initial elementor-view-default elementor-position-block-start elementor-mobile-position-block-start elementor-widget elementor-widget-icon-box\" data-id=\"3382962\" data-element_type=\"widget\" data-widget_type=\"icon-box.default\">\n\t\t\t\t\t\t\t<div class=\"elementor-icon-box-wrapper\">\n\n\t\t\t\t\t\t<div class=\"elementor-icon-box-icon\">\n\t\t\t\t<a href=\"https:\/\/nova-helvecia.com\/wp-content\/uploads\/2026\/02\/Relatorio_Geologico_Rochas_Cristalinas_Itambe_PT_FINAL.pdf\" target=\"_blank\" class=\"elementor-icon\" tabindex=\"-1\" aria-label=\"Geologischer Bericht - DE\">\n\t\t\t\t<svg aria-hidden=\"true\" class=\"e-font-icon-svg e-fas-file-pdf\" viewbox=\"0 0 384 512\" xmlns=\"http:\/\/www.w3.org\/2000\/svg\"><path d=\"M181.9 256.1c-5-16-4.9-46.9-2-46.9 8.4 0 7.6 36.9 2 46.9zm-1.7 47.2c-7.7 20.2-17.3 43.3-28.4 62.7 18.3-7 39-17.2 62.9-21.9-12.7-9.6-24.9-23.4-34.5-40.8zM86.1 428.1c0 .8 13.2-5.4 34.9-40.2-6.7 6.3-29.1 24.5-34.9 40.2zM248 160h136v328c0 13.3-10.7 24-24 24H24c-13.3 0-24-10.7-24-24V24C0 10.7 10.7 0 24 0h200v136c0 13.2 10.8 24 24 24zm-8 171.8c-20-12.2-33.3-29-42.7-53.8 4.5-18.5 11.6-46.6 6.2-64.2-4.7-29.4-42.4-26.5-47.8-6.8-5 18.3-.4 44.1 8.1 77-11.6 27.6-28.7 64.6-40.8 85.8-.1 0-.1.1-.2.1-27.1 13.9-73.6 44.5-54.5 68 5.6 6.9 16 10 21.5 10 17.9 0 35.7-18 61.1-61.8 25.8-8.5 54.1-19.1 79-23.2 21.7 11.8 47.1 19.5 64 19.5 29.2 0 31.2-32 19.7-43.4-13.9-13.6-54.3-9.7-73.6-7.2zM377 105L279 7c-4.5-4.5-10.6-7-17-7h-6v128h128v-6.1c0-6.3-2.5-12.4-7-16.9zm-74.1 255.3c4.1-2.7-2.5-11.9-42.8-9 37.1 15.8 42.8 9 42.8 9z\"><\/path><\/svg>\t\t\t\t<\/a>\n\t\t\t<\/div>\n\t\t\t\n\t\t\t\t\t\t<div class=\"elementor-icon-box-content\">\n\n\t\t\t\t\t\t\t\t\t<h3 class=\"elementor-icon-box-title\">\n\t\t\t\t\t\t<a href=\"https:\/\/nova-helvecia.com\/wp-content\/uploads\/2026\/02\/Relatorio_Geologico_Rochas_Cristalinas_Itambe_PT_FINAL.pdf\" target=\"_blank\" >\n\t\t\t\t\t\t\tGeologischer Bericht - DE\t\t\t\t\t\t<\/a>\n\t\t\t\t\t<\/h3>\n\t\t\t\t\n\t\t\t\t\n\t\t\t<\/div>\n\t\t\t\n\t\t<\/div>\n\t\t\t\t\t\t<\/div>\n\t\t\t\t<div class=\"elementor-element elementor-element-721df03 elementor-widget__width-initial elementor-view-default elementor-position-block-start elementor-mobile-position-block-start elementor-widget elementor-widget-icon-box\" data-id=\"721df03\" data-element_type=\"widget\" data-widget_type=\"icon-box.default\">\n\t\t\t\t\t\t\t<div class=\"elementor-icon-box-wrapper\">\n\n\t\t\t\t\t\t<div class=\"elementor-icon-box-icon\">\n\t\t\t\t<a href=\"https:\/\/nova-helvecia.com\/wp-content\/uploads\/2026\/02\/Geological_Report_Crystal_Rocks_Itambe_EN_FINAL.pdf\" target=\"_blank\" class=\"elementor-icon\" tabindex=\"-1\" aria-label=\"Geologischer Bericht - DE\">\n\t\t\t\t<svg aria-hidden=\"true\" class=\"e-font-icon-svg e-fas-file-pdf\" viewbox=\"0 0 384 512\" xmlns=\"http:\/\/www.w3.org\/2000\/svg\"><path d=\"M181.9 256.1c-5-16-4.9-46.9-2-46.9 8.4 0 7.6 36.9 2 46.9zm-1.7 47.2c-7.7 20.2-17.3 43.3-28.4 62.7 18.3-7 39-17.2 62.9-21.9-12.7-9.6-24.9-23.4-34.5-40.8zM86.1 428.1c0 .8 13.2-5.4 34.9-40.2-6.7 6.3-29.1 24.5-34.9 40.2zM248 160h136v328c0 13.3-10.7 24-24 24H24c-13.3 0-24-10.7-24-24V24C0 10.7 10.7 0 24 0h200v136c0 13.2 10.8 24 24 24zm-8 171.8c-20-12.2-33.3-29-42.7-53.8 4.5-18.5 11.6-46.6 6.2-64.2-4.7-29.4-42.4-26.5-47.8-6.8-5 18.3-.4 44.1 8.1 77-11.6 27.6-28.7 64.6-40.8 85.8-.1 0-.1.1-.2.1-27.1 13.9-73.6 44.5-54.5 68 5.6 6.9 16 10 21.5 10 17.9 0 35.7-18 61.1-61.8 25.8-8.5 54.1-19.1 79-23.2 21.7 11.8 47.1 19.5 64 19.5 29.2 0 31.2-32 19.7-43.4-13.9-13.6-54.3-9.7-73.6-7.2zM377 105L279 7c-4.5-4.5-10.6-7-17-7h-6v128h128v-6.1c0-6.3-2.5-12.4-7-16.9zm-74.1 255.3c4.1-2.7-2.5-11.9-42.8-9 37.1 15.8 42.8 9 42.8 9z\"><\/path><\/svg>\t\t\t\t<\/a>\n\t\t\t<\/div>\n\t\t\t\n\t\t\t\t\t\t<div class=\"elementor-icon-box-content\">\n\n\t\t\t\t\t\t\t\t\t<h3 class=\"elementor-icon-box-title\">\n\t\t\t\t\t\t<a href=\"https:\/\/nova-helvecia.com\/wp-content\/uploads\/2026\/02\/Geological_Report_Crystal_Rocks_Itambe_EN_FINAL.pdf\" target=\"_blank\" >\n\t\t\t\t\t\t\tGeologischer Bericht - DE\t\t\t\t\t\t<\/a>\n\t\t\t\t\t<\/h3>\n\t\t\t\t\n\t\t\t\t\n\t\t\t<\/div>\n\t\t\t\n\t\t<\/div>\n\t\t\t\t\t\t<\/div>\n\t\t\t\t<\/div>\n\t\t\t\t<\/div>\n\t\t\t\t<\/div>\n\t\t<div class=\"elementor-element elementor-element-b6d45d6 e-flex e-con-boxed e-con e-parent\" data-id=\"b6d45d6\" data-element_type=\"container\">\n\t\t\t\t\t<div class=\"e-con-inner\">\n\t\t\t\t<div class=\"elementor-element elementor-element-670251c elementor-widget elementor-widget-html\" data-id=\"670251c\" data-element_type=\"widget\" data-widget_type=\"html.default\">\n\t\t\t\t\t<script>\r\n  document.addEventListener(\"DOMContentLoaded\", function() {\r\n    \/\/ Fun\u00e7\u00e3o gen\u00e9rica para aplicar link em um cont\u00eainer\r\n    function tornarClicavel(id, url) {\r\n      const el = document.getElementById(id);\r\n      if (el) {\r\n        el.style.cursor = \"pointer\";\r\n        el.addEventListener(\"click\", function() {\r\n          window.location.href = url;\r\n        });\r\n      }\r\n    }\r\n\r\n    \/\/ Cont\u00eaineres e seus links\r\n    tornarClicavel(\"historia\", \"https:\/\/nova-helvecia.com\/nossa-historia\/\");\r\n    tornarClicavel(\"itambe\", \"https:\/\/nova-helvecia.com\/itambem-bahia\/\");\r\n    tornarClicavel(\"obra\", \"https:\/\/nova-helvecia.com\/andamento-da-obra\/\");\r\n    tornarClicavel(\"projeto\", \"https:\/\/nova-helvecia.com\/conheca-o-projeto\/\");\r\n    tornarClicavel(\"localizacao\", \"https:\/\/nova-helvecia.com\/localizacao\/\");\r\n    tornarClicavel(\"sports\", \"https:\/\/nova-helvecia.com\/sports-outdoor\/\");\r\n    tornarClicavel(\"midia\", \"https:\/\/nova-helvecia.com\/midia\/\");\r\n    tornarClicavel(\"hotel\", \"https:\/\/nova-helvecia.com\/hotel\/\");\r\n  });\r\n<\/script>\r\n\t\t\t\t<\/div>\n\t\t\t\t\t<\/div>\n\t\t\t\t<\/div>\n\t\t<div class=\"elementor-element elementor-element-a21c5cd e-flex e-con-boxed e-con e-parent\" data-id=\"a21c5cd\" data-element_type=\"container\" data-settings=\"{&quot;background_background&quot;:&quot;classic&quot;}\">\n\t\t\t\t\t<div class=\"e-con-inner\">\n\t\t<div class=\"elementor-element elementor-element-9d8f9f4 e-con-full e-flex e-con e-child\" data-id=\"9d8f9f4\" data-element_type=\"container\">\n\t\t\t\t<div class=\"elementor-element elementor-element-12f0d33 elementor-widget elementor-widget-image\" data-id=\"12f0d33\" data-element_type=\"widget\" data-widget_type=\"image.default\">\n\t\t\t\t\t\t\t\t\t\t\t\t\t\t\t\t<a href=\"https:\/\/awson-swiss.com\/\">\n\t\t\t\t\t\t\t<img decoding=\"async\" width=\"222\" height=\"45\" src=\"https:\/\/nova-helvecia.com\/wp-content\/uploads\/2025\/11\/logo-dourada.svg\" class=\"attachment-large size-large wp-image-308\" alt=\"\" \/>\t\t\t\t\t\t\t\t<\/a>\n\t\t\t\t\t\t\t\t\t\t\t\t\t\t\t<\/div>\n\t\t\t\t<\/div>\n\t\t<div class=\"elementor-element elementor-element-803c577 e-con-full e-flex e-con e-child\" data-id=\"803c577\" data-element_type=\"container\">\n\t\t\t\t<div class=\"elementor-element elementor-element-ded85a2 elementor-widget elementor-widget-video\" data-id=\"ded85a2\" data-element_type=\"widget\" data-settings=\"{&quot;video_type&quot;:&quot;hosted&quot;,&quot;mute&quot;:&quot;yes&quot;,&quot;controls&quot;:&quot;yes&quot;}\" data-widget_type=\"video.default\">\n\t\t\t\t\t\t\t<div class=\"e-hosted-video elementor-wrapper elementor-open-inline\">\n\t\t\t\t\t<video class=\"elementor-video\" src=\"https:\/\/nova-helvecia.com\/wp-content\/uploads\/2025\/11\/awson.mp4\" controls=\"\" preload=\"metadata\" muted=\"muted\" controlslist=\"nodownload\" poster=\"https:\/\/nova-helvecia.com\/wp-content\/uploads\/2025\/11\/capavideo-scaled.png\"><\/video>\n\t\t\t\t<\/div>\n\t\t\t\t\t\t<\/div>\n\t\t\t\t<\/div>\n\t\t<div class=\"elementor-element elementor-element-046bf91 e-con-full e-flex e-con e-child\" data-id=\"046bf91\" data-element_type=\"container\">\n\t\t\t\t<div class=\"elementor-element elementor-element-52c6c23 elementor-widget elementor-widget-image\" data-id=\"52c6c23\" data-element_type=\"widget\" data-widget_type=\"image.default\">\n\t\t\t\t\t\t\t\t\t\t\t\t\t\t\t\t<a href=\"https:\/\/www.google.com\/search?q=awson-swiss&#038;oq=awson-swiss&#038;gs_lcrp=EgZjaHJvbWUqBggAEEUYOzIGCAAQRRg70gEIMzU1MWowajeoAgiwAgE&#038;sourceid=chrome&#038;ie=UTF-8\">\n\t\t\t\t\t\t\t<img decoding=\"async\" width=\"222\" height=\"90\" src=\"https:\/\/nova-helvecia.com\/wp-content\/uploads\/2025\/11\/logo-dourada-google.svg\" class=\"attachment-large size-large wp-image-318\" alt=\"\" \/>\t\t\t\t\t\t\t\t<\/a>\n\t\t\t\t\t\t\t\t\t\t\t\t\t\t\t<\/div>\n\t\t\t\t<\/div>\n\t\t\t\t\t<\/div>\n\t\t\t\t<\/div>\n\t\t<div class=\"elementor-element elementor-element-8ab87f0 e-flex e-con-boxed e-con e-parent\" data-id=\"8ab87f0\" data-element_type=\"container\">\n\t\t\t\t\t<div class=\"e-con-inner\">\n\t\t\t\t<div class=\"elementor-element elementor-element-df3407c elementor-widget-mobile__width-initial elementor-widget elementor-widget-image\" data-id=\"df3407c\" data-element_type=\"widget\" data-widget_type=\"image.default\">\n\t\t\t\t\t\t\t\t\t\t\t\t\t\t\t\t<a href=\"https:\/\/www.zg.ch\/behoerden\/gemeinden\/menzingen\/de\">\n\t\t\t\t\t\t\t<img loading=\"lazy\" decoding=\"async\" width=\"603\" height=\"65\" src=\"https:\/\/nova-helvecia.com\/wp-content\/uploads\/2025\/11\/edibachlogo.png\" class=\"attachment-large size-large wp-image-325\" alt=\"\" srcset=\"https:\/\/nova-helvecia.com\/wp-content\/uploads\/2025\/11\/edibachlogo.png 603w, https:\/\/nova-helvecia.com\/wp-content\/uploads\/2025\/11\/edibachlogo-300x32.png 300w, https:\/\/nova-helvecia.com\/wp-content\/uploads\/2025\/11\/edibachlogo-18x2.png 18w\" sizes=\"(max-width: 603px) 100vw, 603px\" \/>\t\t\t\t\t\t\t\t<\/a>\n\t\t\t\t\t\t\t\t\t\t\t\t\t\t\t<\/div>\n\t\t<div class=\"elementor-element elementor-element-16efad5 e-con-full e-flex e-con e-child\" data-id=\"16efad5\" data-element_type=\"container\">\n\t\t\t\t<div class=\"elementor-element elementor-element-30e6d6a elementor-widget elementor-widget-image\" data-id=\"30e6d6a\" data-element_type=\"widget\" data-widget_type=\"image.default\">\n\t\t\t\t\t\t\t\t\t\t\t\t\t\t\t\t<a href=\"https:\/\/zg.ch\/de\">\n\t\t\t\t\t\t\t<img loading=\"lazy\" decoding=\"async\" width=\"296\" height=\"64\" src=\"https:\/\/nova-helvecia.com\/wp-content\/uploads\/2025\/11\/zug.png\" class=\"attachment-large size-large wp-image-326\" alt=\"\" srcset=\"https:\/\/nova-helvecia.com\/wp-content\/uploads\/2025\/11\/zug.png 296w, https:\/\/nova-helvecia.com\/wp-content\/uploads\/2025\/11\/zug-18x4.png 18w\" sizes=\"(max-width: 296px) 100vw, 296px\" \/>\t\t\t\t\t\t\t\t<\/a>\n\t\t\t\t\t\t\t\t\t\t\t\t\t\t\t<\/div>\n\t\t\t\t<\/div>\n\t\t<div class=\"elementor-element elementor-element-94c2901 e-con-full e-flex e-con e-child\" data-id=\"94c2901\" data-element_type=\"container\">\n\t\t\t\t<div class=\"elementor-element elementor-element-b79603d elementor-widget elementor-widget-image\" data-id=\"b79603d\" data-element_type=\"widget\" data-widget_type=\"image.default\">\n\t\t\t\t\t\t\t\t\t\t\t\t\t\t\t\t<a href=\"https:\/\/www.stadtzug.ch\/\">\n\t\t\t\t\t\t\t<img loading=\"lazy\" decoding=\"async\" width=\"78\" height=\"57\" src=\"https:\/\/nova-helvecia.com\/wp-content\/uploads\/2025\/11\/statzug.svg\" class=\"attachment-large size-large wp-image-327\" alt=\"\" \/>\t\t\t\t\t\t\t\t<\/a>\n\t\t\t\t\t\t\t\t\t\t\t\t\t\t\t<\/div>\n\t\t\t\t<\/div>\n\t\t<div class=\"elementor-element elementor-element-921cddf e-con-full e-flex e-con e-child\" data-id=\"921cddf\" data-element_type=\"container\">\n\t\t\t\t<div class=\"elementor-element elementor-element-d006497 elementor-widget elementor-widget-image\" data-id=\"d006497\" data-element_type=\"widget\" data-widget_type=\"image.default\">\n\t\t\t\t\t\t\t\t\t\t\t\t\t\t\t\t<a href=\"https:\/\/www.baar.ch\/\">\n\t\t\t\t\t\t\t<img loading=\"lazy\" decoding=\"async\" width=\"200\" height=\"46\" src=\"https:\/\/nova-helvecia.com\/wp-content\/uploads\/2025\/11\/baar.png\" class=\"attachment-large size-large wp-image-331\" alt=\"\" srcset=\"https:\/\/nova-helvecia.com\/wp-content\/uploads\/2025\/11\/baar.png 200w, https:\/\/nova-helvecia.com\/wp-content\/uploads\/2025\/11\/baar-18x4.png 18w\" sizes=\"(max-width: 200px) 100vw, 200px\" \/>\t\t\t\t\t\t\t\t<\/a>\n\t\t\t\t\t\t\t\t\t\t\t\t\t\t\t<\/div>\n\t\t\t\t<\/div>\n\t\t<div class=\"elementor-element elementor-element-b2ba018 e-con-full e-flex e-con e-child\" data-id=\"b2ba018\" data-element_type=\"container\">\n\t\t\t\t<div class=\"elementor-element elementor-element-9a3c819 elementor-widget elementor-widget-image\" data-id=\"9a3c819\" data-element_type=\"widget\" data-widget_type=\"image.default\">\n\t\t\t\t\t\t\t\t\t\t\t\t\t\t\t\t<a href=\"https:\/\/www.itambe.ba.gov.br\/\">\n\t\t\t\t\t\t\t<img loading=\"lazy\" decoding=\"async\" width=\"114\" height=\"100\" src=\"https:\/\/nova-helvecia.com\/wp-content\/uploads\/2025\/11\/itambe.png\" class=\"attachment-large size-large wp-image-333\" alt=\"\" srcset=\"https:\/\/nova-helvecia.com\/wp-content\/uploads\/2025\/11\/itambe.png 114w, https:\/\/nova-helvecia.com\/wp-content\/uploads\/2025\/11\/itambe-14x12.png 14w\" sizes=\"(max-width: 114px) 100vw, 114px\" \/>\t\t\t\t\t\t\t\t<\/a>\n\t\t\t\t\t\t\t\t\t\t\t\t\t\t\t<\/div>\n\t\t\t\t<\/div>\n\t\t\t\t\t<\/div>\n\t\t\t\t<\/div>\n\t\t<div class=\"elementor-element elementor-element-261f481 e-flex e-con-boxed e-con e-parent\" data-id=\"261f481\" data-element_type=\"container\" id=\"footer\">\n\t\t\t\t\t<div class=\"e-con-inner\">\n\t\t\t\t\t<\/div>\n\t\t\t\t<\/div>\n\t\t\t\t<\/div>","protected":false},"excerpt":{"rendered":"<p>VIVA NO PARA\u00cdSO Um novo destino no cora\u00e7\u00e3o do Brasil est\u00e1 surgindo Inscreva-se para receber atualiza\u00e7\u00f5es Bem-vindo ao cora\u00e7\u00e3o verde da Bahia sobre a nova helv\u00e9cia A Nova Helv\u00e9cia \u00e9 um empreendimento exclusivo localizado em Itamb\u00e9, Bahia, concebido para ser um vilage de luxo. Seu prop\u00f3sito \u00e9 oferecer moradia sofisticada, hospedagem diferenciada e espa\u00e7os de [&hellip;]<\/p>","protected":false},"author":1,"featured_media":0,"parent":0,"menu_order":0,"comment_status":"closed","ping_status":"closed","template":"elementor_header_footer","meta":{"footnotes":""},"class_list":["post-54","page","type-page","status-publish","hentry"],"_hostinger_reach_plugin_has_subscription_block":false,"_hostinger_reach_plugin_is_elementor":false,"_links":{"self":[{"href":"https:\/\/nova-helvecia.com\/de\/wp-json\/wp\/v2\/pages\/54","targetHints":{"allow":["GET"]}}],"collection":[{"href":"https:\/\/nova-helvecia.com\/de\/wp-json\/wp\/v2\/pages"}],"about":[{"href":"https:\/\/nova-helvecia.com\/de\/wp-json\/wp\/v2\/types\/page"}],"author":[{"embeddable":true,"href":"https:\/\/nova-helvecia.com\/de\/wp-json\/wp\/v2\/users\/1"}],"replies":[{"embeddable":true,"href":"https:\/\/nova-helvecia.com\/de\/wp-json\/wp\/v2\/comments?post=54"}],"version-history":[{"count":169,"href":"https:\/\/nova-helvecia.com\/de\/wp-json\/wp\/v2\/pages\/54\/revisions"}],"predecessor-version":[{"id":590,"href":"https:\/\/nova-helvecia.com\/de\/wp-json\/wp\/v2\/pages\/54\/revisions\/590"}],"wp:attachment":[{"href":"https:\/\/nova-helvecia.com\/de\/wp-json\/wp\/v2\/media?parent=54"}],"curies":[{"name":"wp","href":"https:\/\/api.w.org\/{rel}","templated":true}]}}